{"id":3648,"date":"2021-08-25T16:28:57","date_gmt":"2021-08-25T14:28:57","guid":{"rendered":"https:\/\/mag-consulenze.com\/consulenza-fiscale\/"},"modified":"2023-08-02T16:54:20","modified_gmt":"2023-08-02T14:54:20","slug":"steuerberatung","status":"publish","type":"page","link":"https:\/\/mag-consulenze.com\/de\/dienstleistungen\/steuerberatung\/","title":{"rendered":"Steuerberatung"},"content":{"rendered":"\t\t<div data-elementor-type=\"wp-page\" data-elementor-id=\"3648\" class=\"elementor elementor-3648 elementor-530\">\n\t\t\t\t\t\t<section class=\"elementor-section elementor-top-section elementor-element elementor-element-bcc1de5 elementor-section-stretched elementor-section-height-min-height elementor-section-items-top elementor-section-boxed elementor-section-height-default\" data-id=\"bcc1de5\" data-element_type=\"section\" data-e-type=\"section\" data-settings=\"{&quot;stretch_section&quot;:&quot;section-stretched&quot;}\">\n\t\t\t\t\t\t<div class=\"elementor-container elementor-column-gap-default\">\n\t\t\t\t\t<div class=\"elementor-column elementor-col-100 elementor-top-column elementor-element elementor-element-bd43694\" data-id=\"bd43694\" data-element_type=\"column\" data-e-type=\"column\">\n\t\t\t<div class=\"elementor-widget-wrap elementor-element-populated\">\n\t\t\t\t\t\t<div class=\"elementor-element elementor-element-406f648 elementor-widget elementor-widget-prime-slider-general\" data-id=\"406f648\" data-element_type=\"widget\" data-e-type=\"widget\" data-widget_type=\"prime-slider-general.default\">\n\t\t\t\t<div class=\"elementor-widget-container\">\n\t\t\t\t\t\t\t<div class=\"bdt-prime-slider\">\n\t\t\t<div class=\"bdt-prime-slider-skin-general\">\n\t\t\t\t<div class=\"bdt-position-relative bdt-visible-toggle\" bdt-slideshow=\"{&quot;animation&quot;:&quot;fade&quot;,&quot;ratio&quot;:&quot;1920:400&quot;,&quot;min-height&quot;:480,&quot;autoplay&quot;:true,&quot;autoplay-interval&quot;:7000,&quot;pause-on-hover&quot;:false,&quot;draggable&quot;:true,&quot;velocity&quot;:1,&quot;finite&quot;:false}\" data-settings=\"{&quot;id&quot;:&quot;#bdt-406f648&quot;,&quot;animation_status&quot;:&quot;no&quot;}\" id=\"bdt-406f648\">\n\t\t\t\t\t<ul class=\"bdt-slideshow-items\">\n\t\t\t\t\t\t\n\t\t\t<li\n\t\t\t\tclass=\"bdt-slideshow-item bdt-flex bdt-flex-middle bdt-flex-center elementor-repeater-item-45a934a\">\n\t\t\t\t\n\t\t\t\t\t\t\t\t\t\t\t\n\t\t<div class=\"bdt-ps-slide-img\" style=\"background-image: url('https:\/\/mag-consulenze.com\/wp-content\/uploads\/2023\/08\/servizi.jpg')\"><\/div>\n\n\t\t\t\t\t\t\t\n\t\t\t\t\t\n\t\t\t\t\t\t\t\t\t<div class=\"bdt-overlay-default bdt-position-cover\"><\/div>\n\t\t\t\t\n\t\t\t\t\t\t<div class=\"bdt-prime-slider-wrapper\">\n\t\t\t<div class=\"bdt-prime-slider-content\">\n\t\t\t\t<div class=\"bdt-prime-slider-desc\">\n\n\t\t\t\t\t\n\t\t\t\t\t\t\t\t\t\t\t<div data-reveal=\"reveal-active\" class=\"bdt-main-title\" data-bdt-slideshow-parallax=\"x: 100,0,-20; opacity: 1,1,0\">\n\t\t\t\t\t\t\t<h1\t\t\t\t\t\t\t\tclass=\"bdt-title-tag\">\n\t\t\t\t\t\t\t\t\t\t\t\t\t\t\t\t\tSteuerberatung\t\t\t\t\t\t\t\t\t\t\t\t\t\t\t\t<\/h1>\n\t\t\t\t\t\t<\/div>\n\t\t\t\t\t\n\t\t\t\t\t\n\t\t\t\t\t<div data-bdt-slideshow-parallax=\"x: 150,0,-30; opacity: 1,1,0\">\n\t\t\t\t\t\t<div class=\"bdt-btn-wrapper\">\n\t\t\t\t\t\t\t\t\t\t\t\t\t<\/div>\n\t\t\t\t\t<\/div>\n\t\t\t\t<\/div>\n\n\t\t\t\t\n\t\t\t<\/div>\n\t\t<\/div>\n\t\t\t\t\t<\/li>\n\n\t\t\n\t\t\t\t\t<\/ul>\n\t\t\t\t\t\n\t\t\n\t\t\t\t\t\t\t\n\t\t\n\t\t\t\t\t\t<\/div>\n\t\t\t\t\t\t\t\t\t\t\t<\/div>\n\t\t<\/div>\n\t\t\t\t\t\t<\/div>\n\t\t\t\t<\/div>\n\t\t\t\t\t<\/div>\n\t\t<\/div>\n\t\t\t\t\t<\/div>\n\t\t<\/section>\n\t\t\t\t<section class=\"elementor-section elementor-top-section elementor-element elementor-element-f57d4cd elementor-section-boxed elementor-section-height-default elementor-section-height-default\" data-id=\"f57d4cd\" data-element_type=\"section\" data-e-type=\"section\">\n\t\t\t\t\t\t<div class=\"elementor-container elementor-column-gap-default\">\n\t\t\t\t\t<div class=\"elementor-column elementor-col-100 elementor-top-column elementor-element elementor-element-a59bb62\" data-id=\"a59bb62\" data-element_type=\"column\" data-e-type=\"column\">\n\t\t\t<div class=\"elementor-widget-wrap elementor-element-populated\">\n\t\t\t\t\t\t<div class=\"elementor-element elementor-element-d2ee013 elementor-widget-divider--view-line elementor-widget elementor-widget-divider\" data-id=\"d2ee013\" data-element_type=\"widget\" data-e-type=\"widget\" data-widget_type=\"divider.default\">\n\t\t\t\t<div class=\"elementor-widget-container\">\n\t\t\t\t\t\t\t<div class=\"elementor-divider\">\n\t\t\t<span class=\"elementor-divider-separator\">\n\t\t\t\t\t\t<\/span>\n\t\t<\/div>\n\t\t\t\t\t\t<\/div>\n\t\t\t\t<\/div>\n\t\t\t\t\t<\/div>\n\t\t<\/div>\n\t\t\t\t\t<\/div>\n\t\t<\/section>\n\t\t\t\t<section class=\"elementor-section elementor-top-section elementor-element elementor-element-e5479c5 elementor-section-full_width elementor-section-height-default elementor-section-height-default\" data-id=\"e5479c5\" data-element_type=\"section\" data-e-type=\"section\">\n\t\t\t\t\t\t<div class=\"elementor-container elementor-column-gap-extended\">\n\t\t\t\t\t<div class=\"elementor-column elementor-col-100 elementor-top-column elementor-element elementor-element-bac1502\" data-id=\"bac1502\" data-element_type=\"column\" data-e-type=\"column\">\n\t\t\t<div class=\"elementor-widget-wrap elementor-element-populated\">\n\t\t\t\t\t\t<div class=\"elementor-element elementor-element-f6fc84b elementor-widget elementor-widget-heading\" data-id=\"f6fc84b\" data-element_type=\"widget\" data-e-type=\"widget\" data-widget_type=\"heading.default\">\n\t\t\t\t<div class=\"elementor-widget-container\">\n\t\t\t\t\t<h2 class=\"elementor-heading-title elementor-size-default\">Compliance und langfristige Planung<\/h2>\t\t\t\t<\/div>\n\t\t\t\t<\/div>\n\t\t\t\t<div class=\"elementor-element elementor-element-3b19bd2 elementor-widget elementor-widget-text-editor\" data-id=\"3b19bd2\" data-element_type=\"widget\" data-e-type=\"widget\" data-widget_type=\"text-editor.default\">\n\t\t\t\t<div class=\"elementor-widget-container\">\n\t\t\t\t\t\t\t\t\t<p>Im Bereich der Steuerberatung bieten wir unseren Kunden ein umfassendes Dienstleistungspaket sowohl f\u00fcr nat\u00fcrliche als auch f\u00fcr juristische Personen. Die Berater der Gruppe unterst\u00fctzen die Kunden bei der Erstellung von Steuererkl\u00e4rungen und bei allen steuerlichen Pflichtaufgaben. Sie bieten L\u00f6sungen in den Bereichen Fusionen, Umstrukturierungen, Erbschaften und Schenkungen auf lokaler, nationaler und internationaler Ebene.<\/p><ul><li>Steuerberatung und -planung f\u00fcr nat\u00fcrliche Personen<\/li><li>Steuerberatung und -planung f\u00fcr juristische Personen<\/li><li>Steuerberatung im Bereich der Erbschafts- und Schenkungssteuer, Nachlass- und Unternehmenssteuerplanung im Hinblick auf den Generationen\u00fcbergang<\/li><li>Beratung in nationalen und internationalen Mehrwertsteuer- und Quellensteuerfragen<\/li><li>Steuerliche Beratung von nat\u00fcrlichen und juristischen Personen im Rahmen von internationalen Doppelbesteuerungsabkommen<\/li><li>Beratung zu steuerlichen Aspekten im Zusammenhang mit Immobilientransaktionen<\/li><\/ul>\t\t\t\t\t\t\t\t<\/div>\n\t\t\t\t<\/div>\n\t\t\t\t\t<\/div>\n\t\t<\/div>\n\t\t\t\t\t<\/div>\n\t\t<\/section>\n\t\t\t\t<\/div>\n\t\t","protected":false},"excerpt":{"rendered":"<p>Steuerberatung Compliance und langfristige Planung Im Bereich der Steuerberatung bieten wir unseren Kunden ein umfassendes Dienstleistungspaket sowohl f\u00fcr nat\u00fcrliche als auch f\u00fcr juristische Personen. Die Berater der Gruppe unterst\u00fctzen die Kunden bei der Erstellung von Steuererkl\u00e4rungen und bei allen steuerlichen Pflichtaufgaben. Sie bieten L\u00f6sungen in den Bereichen Fusionen, Umstrukturierungen, Erbschaften und Schenkungen auf lokaler, nationaler &#8230; <a title=\"Steuerberatung\" class=\"read-more\" href=\"https:\/\/mag-consulenze.com\/de\/dienstleistungen\/steuerberatung\/\" aria-label=\"More on Steuerberatung\">Read more<\/a><\/p>\n","protected":false},"author":3,"featured_media":0,"parent":3774,"menu_order":2,"comment_status":"closed","ping_status":"closed","template":"","meta":{"footnotes":"","_links_to":"","_links_to_target":""},"class_list":["post-3648","page","type-page","status-publish"],"yoast_head":"<!-- This site is optimized with the Yoast SEO plugin v27.3 - https:\/\/yoast.com\/product\/yoast-seo-wordpress\/ -->\n<title>Steuerberatung - Mag Consulenze<\/title>\n<meta name=\"robots\" content=\"index, follow, max-snippet:-1, max-image-preview:large, max-video-preview:-1\" \/>\n<link rel=\"canonical\" href=\"https:\/\/mag-consulenze.com\/de\/dienstleistungen\/steuerberatung\/\" \/>\n<meta property=\"og:locale\" content=\"de_DE\" \/>\n<meta property=\"og:type\" content=\"article\" \/>\n<meta property=\"og:title\" content=\"Steuerberatung - Mag Consulenze\" \/>\n<meta property=\"og:description\" content=\"Steuerberatung Compliance und langfristige Planung Im Bereich der Steuerberatung bieten wir unseren Kunden ein umfassendes Dienstleistungspaket sowohl f\u00fcr nat\u00fcrliche als auch f\u00fcr juristische Personen. Die Berater der Gruppe unterst\u00fctzen die Kunden bei der Erstellung von Steuererkl\u00e4rungen und bei allen steuerlichen Pflichtaufgaben. Sie bieten L\u00f6sungen in den Bereichen Fusionen, Umstrukturierungen, Erbschaften und Schenkungen auf lokaler, nationaler ... Read more\" \/>\n<meta property=\"og:url\" content=\"https:\/\/mag-consulenze.com\/de\/dienstleistungen\/steuerberatung\/\" \/>\n<meta property=\"og:site_name\" content=\"Mag Consulenze\" \/>\n<meta property=\"article:modified_time\" content=\"2023-08-02T14:54:20+00:00\" \/>\n<meta name=\"twitter:card\" content=\"summary_large_image\" \/>\n<meta name=\"twitter:label1\" content=\"Gesch\u00e4tzte Lesezeit\" \/>\n\t<meta name=\"twitter:data1\" content=\"1\u00a0Minute\" \/>\n<script type=\"application\/ld+json\" class=\"yoast-schema-graph\">{\"@context\":\"https:\\\/\\\/schema.org\",\"@graph\":[{\"@type\":\"WebPage\",\"@id\":\"https:\\\/\\\/mag-consulenze.com\\\/de\\\/dienstleistungen\\\/steuerberatung\\\/\",\"url\":\"https:\\\/\\\/mag-consulenze.com\\\/de\\\/dienstleistungen\\\/steuerberatung\\\/\",\"name\":\"Steuerberatung - Mag Consulenze\",\"isPartOf\":{\"@id\":\"https:\\\/\\\/mag-consulenze.com\\\/de\\\/#website\"},\"datePublished\":\"2021-08-25T14:28:57+00:00\",\"dateModified\":\"2023-08-02T14:54:20+00:00\",\"breadcrumb\":{\"@id\":\"https:\\\/\\\/mag-consulenze.com\\\/de\\\/dienstleistungen\\\/steuerberatung\\\/#breadcrumb\"},\"inLanguage\":\"de\",\"potentialAction\":[{\"@type\":\"ReadAction\",\"target\":[\"https:\\\/\\\/mag-consulenze.com\\\/de\\\/dienstleistungen\\\/steuerberatung\\\/\"]}]},{\"@type\":\"BreadcrumbList\",\"@id\":\"https:\\\/\\\/mag-consulenze.com\\\/de\\\/dienstleistungen\\\/steuerberatung\\\/#breadcrumb\",\"itemListElement\":[{\"@type\":\"ListItem\",\"position\":1,\"name\":\"Home\",\"item\":\"https:\\\/\\\/mag-consulenze.com\\\/de\\\/\"},{\"@type\":\"ListItem\",\"position\":2,\"name\":\"Dienstleistungen\",\"item\":\"https:\\\/\\\/mag-consulenze.com\\\/de\\\/servizi\\\/\"},{\"@type\":\"ListItem\",\"position\":3,\"name\":\"Steuerberatung\"}]},{\"@type\":\"WebSite\",\"@id\":\"https:\\\/\\\/mag-consulenze.com\\\/de\\\/#website\",\"url\":\"https:\\\/\\\/mag-consulenze.com\\\/de\\\/\",\"name\":\"Mag Consulenze\",\"description\":\"\",\"publisher\":{\"@id\":\"https:\\\/\\\/mag-consulenze.com\\\/de\\\/#organization\"},\"potentialAction\":[{\"@type\":\"SearchAction\",\"target\":{\"@type\":\"EntryPoint\",\"urlTemplate\":\"https:\\\/\\\/mag-consulenze.com\\\/de\\\/?s={search_term_string}\"},\"query-input\":{\"@type\":\"PropertyValueSpecification\",\"valueRequired\":true,\"valueName\":\"search_term_string\"}}],\"inLanguage\":\"de\"},{\"@type\":\"Organization\",\"@id\":\"https:\\\/\\\/mag-consulenze.com\\\/de\\\/#organization\",\"name\":\"Mag Consulenze\",\"url\":\"https:\\\/\\\/mag-consulenze.com\\\/de\\\/\",\"logo\":{\"@type\":\"ImageObject\",\"inLanguage\":\"de\",\"@id\":\"https:\\\/\\\/mag-consulenze.com\\\/de\\\/#\\\/schema\\\/logo\\\/image\\\/\",\"url\":\"https:\\\/\\\/mag-consulenze.com\\\/wp-content\\\/uploads\\\/2023\\\/05\\\/logo-mag-retina-def.png\",\"contentUrl\":\"https:\\\/\\\/mag-consulenze.com\\\/wp-content\\\/uploads\\\/2023\\\/05\\\/logo-mag-retina-def.png\",\"width\":532,\"height\":86,\"caption\":\"Mag Consulenze\"},\"image\":{\"@id\":\"https:\\\/\\\/mag-consulenze.com\\\/de\\\/#\\\/schema\\\/logo\\\/image\\\/\"}}]}<\/script>\n<!-- \/ Yoast SEO plugin. -->","yoast_head_json":{"title":"Steuerberatung - Mag Consulenze","robots":{"index":"index","follow":"follow","max-snippet":"max-snippet:-1","max-image-preview":"max-image-preview:large","max-video-preview":"max-video-preview:-1"},"canonical":"https:\/\/mag-consulenze.com\/de\/dienstleistungen\/steuerberatung\/","og_locale":"de_DE","og_type":"article","og_title":"Steuerberatung - Mag Consulenze","og_description":"Steuerberatung Compliance und langfristige Planung Im Bereich der Steuerberatung bieten wir unseren Kunden ein umfassendes Dienstleistungspaket sowohl f\u00fcr nat\u00fcrliche als auch f\u00fcr juristische Personen. Die Berater der Gruppe unterst\u00fctzen die Kunden bei der Erstellung von Steuererkl\u00e4rungen und bei allen steuerlichen Pflichtaufgaben. Sie bieten L\u00f6sungen in den Bereichen Fusionen, Umstrukturierungen, Erbschaften und Schenkungen auf lokaler, nationaler ... Read more","og_url":"https:\/\/mag-consulenze.com\/de\/dienstleistungen\/steuerberatung\/","og_site_name":"Mag Consulenze","article_modified_time":"2023-08-02T14:54:20+00:00","twitter_card":"summary_large_image","twitter_misc":{"Gesch\u00e4tzte Lesezeit":"1\u00a0Minute"},"schema":{"@context":"https:\/\/schema.org","@graph":[{"@type":"WebPage","@id":"https:\/\/mag-consulenze.com\/de\/dienstleistungen\/steuerberatung\/","url":"https:\/\/mag-consulenze.com\/de\/dienstleistungen\/steuerberatung\/","name":"Steuerberatung - Mag Consulenze","isPartOf":{"@id":"https:\/\/mag-consulenze.com\/de\/#website"},"datePublished":"2021-08-25T14:28:57+00:00","dateModified":"2023-08-02T14:54:20+00:00","breadcrumb":{"@id":"https:\/\/mag-consulenze.com\/de\/dienstleistungen\/steuerberatung\/#breadcrumb"},"inLanguage":"de","potentialAction":[{"@type":"ReadAction","target":["https:\/\/mag-consulenze.com\/de\/dienstleistungen\/steuerberatung\/"]}]},{"@type":"BreadcrumbList","@id":"https:\/\/mag-consulenze.com\/de\/dienstleistungen\/steuerberatung\/#breadcrumb","itemListElement":[{"@type":"ListItem","position":1,"name":"Home","item":"https:\/\/mag-consulenze.com\/de\/"},{"@type":"ListItem","position":2,"name":"Dienstleistungen","item":"https:\/\/mag-consulenze.com\/de\/servizi\/"},{"@type":"ListItem","position":3,"name":"Steuerberatung"}]},{"@type":"WebSite","@id":"https:\/\/mag-consulenze.com\/de\/#website","url":"https:\/\/mag-consulenze.com\/de\/","name":"Mag Consulenze","description":"","publisher":{"@id":"https:\/\/mag-consulenze.com\/de\/#organization"},"potentialAction":[{"@type":"SearchAction","target":{"@type":"EntryPoint","urlTemplate":"https:\/\/mag-consulenze.com\/de\/?s={search_term_string}"},"query-input":{"@type":"PropertyValueSpecification","valueRequired":true,"valueName":"search_term_string"}}],"inLanguage":"de"},{"@type":"Organization","@id":"https:\/\/mag-consulenze.com\/de\/#organization","name":"Mag Consulenze","url":"https:\/\/mag-consulenze.com\/de\/","logo":{"@type":"ImageObject","inLanguage":"de","@id":"https:\/\/mag-consulenze.com\/de\/#\/schema\/logo\/image\/","url":"https:\/\/mag-consulenze.com\/wp-content\/uploads\/2023\/05\/logo-mag-retina-def.png","contentUrl":"https:\/\/mag-consulenze.com\/wp-content\/uploads\/2023\/05\/logo-mag-retina-def.png","width":532,"height":86,"caption":"Mag Consulenze"},"image":{"@id":"https:\/\/mag-consulenze.com\/de\/#\/schema\/logo\/image\/"}}]}},"_links":{"self":[{"href":"https:\/\/mag-consulenze.com\/de\/wp-json\/wp\/v2\/pages\/3648","targetHints":{"allow":["GET"]}}],"collection":[{"href":"https:\/\/mag-consulenze.com\/de\/wp-json\/wp\/v2\/pages"}],"about":[{"href":"https:\/\/mag-consulenze.com\/de\/wp-json\/wp\/v2\/types\/page"}],"author":[{"embeddable":true,"href":"https:\/\/mag-consulenze.com\/de\/wp-json\/wp\/v2\/users\/3"}],"replies":[{"embeddable":true,"href":"https:\/\/mag-consulenze.com\/de\/wp-json\/wp\/v2\/comments?post=3648"}],"version-history":[{"count":7,"href":"https:\/\/mag-consulenze.com\/de\/wp-json\/wp\/v2\/pages\/3648\/revisions"}],"predecessor-version":[{"id":3855,"href":"https:\/\/mag-consulenze.com\/de\/wp-json\/wp\/v2\/pages\/3648\/revisions\/3855"}],"up":[{"embeddable":true,"href":"https:\/\/mag-consulenze.com\/de\/wp-json\/wp\/v2\/pages\/3774"}],"wp:attachment":[{"href":"https:\/\/mag-consulenze.com\/de\/wp-json\/wp\/v2\/media?parent=3648"}],"curies":[{"name":"wp","href":"https:\/\/api.w.org\/{rel}","templated":true}]}}